{"id":86,"date":"2018-12-14T18:23:50","date_gmt":"2018-12-14T17:23:50","guid":{"rendered":"http:\/\/stps-plomberie.fr\/?page_id=86"},"modified":"2025-03-28T15:09:08","modified_gmt":"2025-03-28T14:09:08","slug":"mentions-legales","status":"publish","type":"page","link":"http:\/\/stps-plomberie.fr\/index.php\/mentions-legales\/","title":{"rendered":"MENTIONS L\u00c9GALES"},"content":{"rendered":"<div class=\"wpb-content-wrapper\"><p>[vc_row][vc_column width=\u00a0\u00bb1\/4&Prime;][vc_single_image image=\u00a0\u00bb160&Prime; img_size=\u00a0\u00bbmedium\u00a0\u00bb alignment=\u00a0\u00bbcenter\u00a0\u00bb css=\u00a0\u00bb\u00a0\u00bb][\/vc_column][vc_column width=\u00a0\u00bb3\/4&Prime;][vc_row_inner][vc_column_inner][vc_column_text css=\u00a0\u00bb\u00a0\u00bb]<\/p>\n<h3>\u00c9diteur du site<\/h3>\n<p>[\/vc_column_text][vc_column_text css=\u00a0\u00bb\u00a0\u00bb]Le pr\u00e9sent site est \u00e9dit\u00e9 par :<\/p>\n<p><strong>STPS \u2013 Soci\u00e9t\u00e9 Technique Provence Sanitaire<\/strong><br \/>\n66, avenue Maurice Chevalier<br \/>\n06150 Cannes La Bocca \u2013 France<br \/>\n\ud83d\udcde T\u00e9l\u00e9phone : <a href=\"tel:0493454661\">04 93 45 46 61<\/a><br \/>\n\ud83d\udce7 Email : <a href=\"mailto:secretariat@stps-plomberie.fr\">secretariat@stps-plomberie.fr<\/a><br \/>\n\ud83d\udc64 Responsable de la publication : Mr <strong>Vincent MAUNY<\/strong>[\/vc_column_text][\/vc_column_inner][\/vc_row_inner][vc_row_inner][vc_column_inner][vc_column_text css=\u00a0\u00bb\u00a0\u00bb]<\/p>\n<h3>Forme juridique<\/h3>\n<p>[\/vc_column_text][vc_column_text css=\u00a0\u00bb\u00a0\u00bb]STPS est une Soci\u00e9t\u00e9 par Actions Simplifi\u00e9e (SAS) immatricul\u00e9e en France.<br \/>\nRCS Cannes B 303 285 159<br \/>\nSIRET 30328515900032[\/vc_column_text][\/vc_column_inner][\/vc_row_inner][vc_row_inner][vc_column_inner][vc_column_text css=\u00a0\u00bb\u00a0\u00bb]<\/p>\n<h3>H\u00e9bergement<\/h3>\n<p>[\/vc_column_text][vc_column_text css=\u00a0\u00bb\u00a0\u00bb]Le site est h\u00e9berg\u00e9 par :<\/p>\n<p><strong>OVH<\/strong><br \/>\n2 rue Kellermann<br \/>\n59100 Roubaix \u2013 France<br \/>\n\ud83d\udcde T\u00e9l\u00e9phone : 1007 (appel gratuit depuis une ligne fixe en France)<br \/>\n\ud83c\udf10 Site web : <a href=\"https:\/\/www.ovh.com\">www.ovh.com<\/a>[\/vc_column_text][\/vc_column_inner][\/vc_row_inner][vc_row_inner][vc_column_inner][vc_column_text css=\u00a0\u00bb\u00a0\u00bb]<\/p>\n<h3>Propri\u00e9t\u00e9 intellectuelle<\/h3>\n<p>[\/vc_column_text][vc_column_text css=\u00a0\u00bb\u00a0\u00bb]L\u2019ensemble du contenu pr\u00e9sent sur le site (textes, images, logo, \u00e9l\u00e9ments graphiques) est la propri\u00e9t\u00e9 de STPS ou de ses partenaires, sauf mention contraire. Toute reproduction, repr\u00e9sentation, modification, publication, adaptation de tout ou partie du site, quel que soit le moyen ou le proc\u00e9d\u00e9 utilis\u00e9, est interdite sans l\u2019autorisation \u00e9crite pr\u00e9alable de STPS.[\/vc_column_text][\/vc_column_inner][\/vc_row_inner][vc_row_inner][vc_column_inner][vc_column_text css=\u00a0\u00bb\u00a0\u00bb]<\/p>\n<h3>Responsabilit\u00e9<\/h3>\n<p>[\/vc_column_text][vc_column_text css=\u00a0\u00bb\u00a0\u00bb]STPS s\u2019efforce de fournir sur le site <a href=\"https:\/\/www.stps-plomberie.fr\">www.stps-plomberie.fr<\/a> des informations aussi pr\u00e9cises que possible. Toutefois, elle ne pourra \u00eatre tenue responsable des omissions, des inexactitudes ou des carences dans la mise \u00e0 jour des informations.[\/vc_column_text][\/vc_column_inner][\/vc_row_inner][vc_row_inner][vc_column_inner][vc_column_text css=\u00a0\u00bb\u00a0\u00bb]<\/p>\n<h3>Donn\u00e9es personnelles<\/h3>\n<p>[\/vc_column_text][vc_column_text css=\u00a0\u00bb\u00a0\u00bb]Pour consulter notre politique de confidentialit\u00e9, cliquez ici : <a href=\"https:\/\/stps-plomberie.fr\/index.php\/politique-de-confidentialite\/\">Politique de confidentialit\u00e9<\/a>[\/vc_column_text][\/vc_column_inner][\/vc_row_inner][\/vc_column][\/vc_row]<\/p>\n<\/div>","protected":false},"excerpt":{"rendered":"<p>[vc_row][vc_column width=\u00a0\u00bb1\/4&Prime;][vc_single_image image=\u00a0\u00bb160&Prime; img_size=\u00a0\u00bbmedium\u00a0\u00bb alignment=\u00a0\u00bbcenter\u00a0\u00bb css=\u00a0\u00bb\u00a0\u00bb][\/vc_column][vc_column width=\u00a0\u00bb3\/4&Prime;][vc_row_inner][vc_column_inner][vc_column_text css=\u00a0\u00bb\u00a0\u00bb] \u00c9diteur du site [\/vc_column_text][vc_column_text css=\u00a0\u00bb\u00a0\u00bb]Le pr\u00e9sent site est \u00e9dit\u00e9 par : STPS \u2013 Soci\u00e9t\u00e9 Technique Provence Sanitaire 66, avenue Maurice Chevalier 06150 Cannes La Bocca \u2013 France \ud83d\udcde T\u00e9l\u00e9phone : 04 93 45 46 61 \ud83d\udce7 Email : secretariat@stps-plomberie.fr \ud83d\udc64 Responsable de la publication : Mr Vincent&hellip;<\/p>\n","protected":false},"author":1,"featured_media":0,"parent":0,"menu_order":0,"comment_status":"closed","ping_status":"closed","template":"","meta":{"footnotes":""},"class_list":["post-86","page","type-page","status-publish","hentry","description-off"],"yoast_head":"<!-- This site is optimized with the Yoast SEO plugin v24.9 - https:\/\/yoast.com\/wordpress\/plugins\/seo\/ -->\n<title>MENTIONS L\u00c9GALES - STPS<\/title>\n<meta name=\"robots\" content=\"index, follow, max-snippet:-1, max-image-preview:large, max-video-preview:-1\" \/>\n<link rel=\"canonical\" href=\"http:\/\/stps-plomberie.fr\/index.php\/mentions-legales\/\" \/>\n<meta property=\"og:locale\" content=\"fr_FR\" \/>\n<meta property=\"og:type\" content=\"article\" \/>\n<meta property=\"og:title\" content=\"MENTIONS L\u00c9GALES - STPS\" \/>\n<meta property=\"og:description\" content=\"[vc_row][vc_column width=\u00a0\u00bb1\/4&Prime;][vc_single_image image=\u00a0\u00bb160&Prime; img_size=\u00a0\u00bbmedium\u00a0\u00bb alignment=\u00a0\u00bbcenter\u00a0\u00bb css=\u00a0\u00bb\u00a0\u00bb][\/vc_column][vc_column width=\u00a0\u00bb3\/4&Prime;][vc_row_inner][vc_column_inner][vc_column_text css=\u00a0\u00bb\u00a0\u00bb] \u00c9diteur du site [\/vc_column_text][vc_column_text css=\u00a0\u00bb\u00a0\u00bb]Le pr\u00e9sent site est \u00e9dit\u00e9 par : STPS \u2013 Soci\u00e9t\u00e9 Technique Provence Sanitaire 66, avenue Maurice Chevalier 06150 Cannes La Bocca \u2013 France \ud83d\udcde T\u00e9l\u00e9phone : 04 93 45 46 61 \ud83d\udce7 Email : secretariat@stps-plomberie.fr \ud83d\udc64 Responsable de la publication : Mr Vincent&hellip;\" \/>\n<meta property=\"og:url\" content=\"http:\/\/stps-plomberie.fr\/index.php\/mentions-legales\/\" \/>\n<meta property=\"og:site_name\" content=\"STPS\" \/>\n<meta property=\"article:modified_time\" content=\"2025-03-28T14:09:08+00:00\" \/>\n<meta name=\"twitter:card\" content=\"summary_large_image\" \/>\n<meta name=\"twitter:label1\" content=\"Dur\u00e9e de lecture estim\u00e9e\" \/>\n\t<meta name=\"twitter:data1\" content=\"2 minutes\" \/>\n<script type=\"application\/ld+json\" class=\"yoast-schema-graph\">{\"@context\":\"https:\/\/schema.org\",\"@graph\":[{\"@type\":\"WebPage\",\"@id\":\"http:\/\/stps-plomberie.fr\/index.php\/mentions-legales\/\",\"url\":\"http:\/\/stps-plomberie.fr\/index.php\/mentions-legales\/\",\"name\":\"MENTIONS L\u00c9GALES - STPS\",\"isPartOf\":{\"@id\":\"http:\/\/stps-plomberie.fr\/#website\"},\"datePublished\":\"2018-12-14T17:23:50+00:00\",\"dateModified\":\"2025-03-28T14:09:08+00:00\",\"breadcrumb\":{\"@id\":\"http:\/\/stps-plomberie.fr\/index.php\/mentions-legales\/#breadcrumb\"},\"inLanguage\":\"fr-FR\",\"potentialAction\":[{\"@type\":\"ReadAction\",\"target\":[\"http:\/\/stps-plomberie.fr\/index.php\/mentions-legales\/\"]}]},{\"@type\":\"BreadcrumbList\",\"@id\":\"http:\/\/stps-plomberie.fr\/index.php\/mentions-legales\/#breadcrumb\",\"itemListElement\":[{\"@type\":\"ListItem\",\"position\":1,\"name\":\"Accueil\",\"item\":\"http:\/\/stps-plomberie.fr\/\"},{\"@type\":\"ListItem\",\"position\":2,\"name\":\"MENTIONS L\u00c9GALES\"}]},{\"@type\":\"WebSite\",\"@id\":\"http:\/\/stps-plomberie.fr\/#website\",\"url\":\"http:\/\/stps-plomberie.fr\/\",\"name\":\"STPS PLOMBERIE\",\"description\":\"Plomberie Chauffage VMC Contrat d&#039;Entretien Ma\u00e7onnerie Carrelage R\u00e9novation \u00c9tanch\u00e9it\u00e9\",\"publisher\":{\"@id\":\"http:\/\/stps-plomberie.fr\/#organization\"},\"potentialAction\":[{\"@type\":\"SearchAction\",\"target\":{\"@type\":\"EntryPoint\",\"urlTemplate\":\"http:\/\/stps-plomberie.fr\/?s={search_term_string}\"},\"query-input\":{\"@type\":\"PropertyValueSpecification\",\"valueRequired\":true,\"valueName\":\"search_term_string\"}}],\"inLanguage\":\"fr-FR\"},{\"@type\":\"Organization\",\"@id\":\"http:\/\/stps-plomberie.fr\/#organization\",\"name\":\"STPS PLOMBERIE\",\"url\":\"http:\/\/stps-plomberie.fr\/\",\"logo\":{\"@type\":\"ImageObject\",\"inLanguage\":\"fr-FR\",\"@id\":\"http:\/\/stps-plomberie.fr\/#\/schema\/logo\/image\/\",\"url\":\"https:\/\/stps-plomberie.fr\/wp-content\/uploads\/2018\/12\/STPS-Logo_250px.png\",\"contentUrl\":\"https:\/\/stps-plomberie.fr\/wp-content\/uploads\/2018\/12\/STPS-Logo_250px.png\",\"width\":250,\"height\":66,\"caption\":\"STPS PLOMBERIE\"},\"image\":{\"@id\":\"http:\/\/stps-plomberie.fr\/#\/schema\/logo\/image\/\"}}]}<\/script>\n<!-- \/ Yoast SEO plugin. -->","yoast_head_json":{"title":"MENTIONS L\u00c9GALES - STPS","robots":{"index":"index","follow":"follow","max-snippet":"max-snippet:-1","max-image-preview":"max-image-preview:large","max-video-preview":"max-video-preview:-1"},"canonical":"http:\/\/stps-plomberie.fr\/index.php\/mentions-legales\/","og_locale":"fr_FR","og_type":"article","og_title":"MENTIONS L\u00c9GALES - STPS","og_description":"[vc_row][vc_column width=\u00a0\u00bb1\/4&Prime;][vc_single_image image=\u00a0\u00bb160&Prime; img_size=\u00a0\u00bbmedium\u00a0\u00bb alignment=\u00a0\u00bbcenter\u00a0\u00bb css=\u00a0\u00bb\u00a0\u00bb][\/vc_column][vc_column width=\u00a0\u00bb3\/4&Prime;][vc_row_inner][vc_column_inner][vc_column_text css=\u00a0\u00bb\u00a0\u00bb] \u00c9diteur du site [\/vc_column_text][vc_column_text css=\u00a0\u00bb\u00a0\u00bb]Le pr\u00e9sent site est \u00e9dit\u00e9 par : STPS \u2013 Soci\u00e9t\u00e9 Technique Provence Sanitaire 66, avenue Maurice Chevalier 06150 Cannes La Bocca \u2013 France \ud83d\udcde T\u00e9l\u00e9phone : 04 93 45 46 61 \ud83d\udce7 Email : secretariat@stps-plomberie.fr \ud83d\udc64 Responsable de la publication : Mr Vincent&hellip;","og_url":"http:\/\/stps-plomberie.fr\/index.php\/mentions-legales\/","og_site_name":"STPS","article_modified_time":"2025-03-28T14:09:08+00:00","twitter_card":"summary_large_image","twitter_misc":{"Dur\u00e9e de lecture estim\u00e9e":"2 minutes"},"schema":{"@context":"https:\/\/schema.org","@graph":[{"@type":"WebPage","@id":"http:\/\/stps-plomberie.fr\/index.php\/mentions-legales\/","url":"http:\/\/stps-plomberie.fr\/index.php\/mentions-legales\/","name":"MENTIONS L\u00c9GALES - STPS","isPartOf":{"@id":"http:\/\/stps-plomberie.fr\/#website"},"datePublished":"2018-12-14T17:23:50+00:00","dateModified":"2025-03-28T14:09:08+00:00","breadcrumb":{"@id":"http:\/\/stps-plomberie.fr\/index.php\/mentions-legales\/#breadcrumb"},"inLanguage":"fr-FR","potentialAction":[{"@type":"ReadAction","target":["http:\/\/stps-plomberie.fr\/index.php\/mentions-legales\/"]}]},{"@type":"BreadcrumbList","@id":"http:\/\/stps-plomberie.fr\/index.php\/mentions-legales\/#breadcrumb","itemListElement":[{"@type":"ListItem","position":1,"name":"Accueil","item":"http:\/\/stps-plomberie.fr\/"},{"@type":"ListItem","position":2,"name":"MENTIONS L\u00c9GALES"}]},{"@type":"WebSite","@id":"http:\/\/stps-plomberie.fr\/#website","url":"http:\/\/stps-plomberie.fr\/","name":"STPS PLOMBERIE","description":"Plomberie Chauffage VMC Contrat d&#039;Entretien Ma\u00e7onnerie Carrelage R\u00e9novation \u00c9tanch\u00e9it\u00e9","publisher":{"@id":"http:\/\/stps-plomberie.fr\/#organization"},"potentialAction":[{"@type":"SearchAction","target":{"@type":"EntryPoint","urlTemplate":"http:\/\/stps-plomberie.fr\/?s={search_term_string}"},"query-input":{"@type":"PropertyValueSpecification","valueRequired":true,"valueName":"search_term_string"}}],"inLanguage":"fr-FR"},{"@type":"Organization","@id":"http:\/\/stps-plomberie.fr\/#organization","name":"STPS PLOMBERIE","url":"http:\/\/stps-plomberie.fr\/","logo":{"@type":"ImageObject","inLanguage":"fr-FR","@id":"http:\/\/stps-plomberie.fr\/#\/schema\/logo\/image\/","url":"https:\/\/stps-plomberie.fr\/wp-content\/uploads\/2018\/12\/STPS-Logo_250px.png","contentUrl":"https:\/\/stps-plomberie.fr\/wp-content\/uploads\/2018\/12\/STPS-Logo_250px.png","width":250,"height":66,"caption":"STPS PLOMBERIE"},"image":{"@id":"http:\/\/stps-plomberie.fr\/#\/schema\/logo\/image\/"}}]}},"_links":{"self":[{"href":"http:\/\/stps-plomberie.fr\/index.php\/wp-json\/wp\/v2\/pages\/86","targetHints":{"allow":["GET"]}}],"collection":[{"href":"http:\/\/stps-plomberie.fr\/index.php\/wp-json\/wp\/v2\/pages"}],"about":[{"href":"http:\/\/stps-plomberie.fr\/index.php\/wp-json\/wp\/v2\/types\/page"}],"author":[{"embeddable":true,"href":"http:\/\/stps-plomberie.fr\/index.php\/wp-json\/wp\/v2\/users\/1"}],"replies":[{"embeddable":true,"href":"http:\/\/stps-plomberie.fr\/index.php\/wp-json\/wp\/v2\/comments?post=86"}],"version-history":[{"count":5,"href":"http:\/\/stps-plomberie.fr\/index.php\/wp-json\/wp\/v2\/pages\/86\/revisions"}],"predecessor-version":[{"id":161,"href":"http:\/\/stps-plomberie.fr\/index.php\/wp-json\/wp\/v2\/pages\/86\/revisions\/161"}],"wp:attachment":[{"href":"http:\/\/stps-plomberie.fr\/index.php\/wp-json\/wp\/v2\/media?parent=86"}],"curies":[{"name":"wp","href":"https:\/\/api.w.org\/{rel}","templated":true}]}}