{"id":31,"date":"2018-12-14T11:02:48","date_gmt":"2018-12-14T10:02:48","guid":{"rendered":"http:\/\/stps-plomberie.fr\/?page_id=31"},"modified":"2025-12-28T22:16:15","modified_gmt":"2025-12-28T21:16:15","slug":"renovation-salle-de-bain","status":"publish","type":"page","link":"http:\/\/stps-plomberie.fr\/index.php\/renovation-salle-de-bain\/","title":{"rendered":"SALLE DE BAIN"},"content":{"rendered":"<div class=\"wpb-content-wrapper\"><p>[vc_row][vc_column][vc_column_text css=\u00a0\u00bb\u00a0\u00bb]<\/p>\n<h3 data-path-to-node=\"5\">R\u00e9novation de salle de bain : l\u2019exigence d\u2019un plombier expert depuis 50 ans<\/h3>\n<p data-path-to-node=\"6\">Vous envisagez une <b data-path-to-node=\"4\" data-index-in-node=\"19\">r\u00e9novation de salle de bain<\/b> \u00e0 Cannes ? En effet, la salle de bain est la pi\u00e8ce la plus technique de votre logement. Au-del\u00e0 de l\u2019esth\u00e9tique, sa transformation ne supporte pas l\u2019improvisation. Par cons\u00e9quent, une fuite cach\u00e9e derri\u00e8re un carrelage neuf peut avoir des cons\u00e9quences d\u00e9sastreuses.<\/p>\n<p>[\/vc_column_text][vc_column_text css=\u00a0\u00bb\u00a0\u00bb]Forte de 50 ans d\u2019expertise en plomberie, STPS accompagne les particuliers et les copropri\u00e9t\u00e9s dans leurs projets de <b data-path-to-node=\"5\" data-index-in-node=\"117\">r\u00e9novation de salle de bain<\/b>. Contrairement \u00e0 des entreprises g\u00e9n\u00e9ralistes, nous ma\u00eetrisons parfaitement les r\u00e9seaux invisibles. De plus, c\u2019est votre meilleure garantie pour une pi\u00e8ce non seulement belle, mais surtout saine et durable.[\/vc_column_text][\/vc_column][\/vc_row][vc_row][vc_column][vc_column_text css=\u00a0\u00bb\u00a0\u00bb]<\/p>\n<h3 data-path-to-node=\"8\">Votre projet de salle de bain cl\u00e9 en main, de A \u00e0 Z<\/h3>\n<p data-path-to-node=\"8\">Nous prenons en charge l\u2019int\u00e9gralit\u00e9 de votre chantier pour transformer votre ancienne salle d\u2019eau en un espace moderne. Pour ce faire, vous b\u00e9n\u00e9ficiez d\u2019un interlocuteur unique qui coordonne toutes les \u00e9tapes techniques :<\/p>\n<p>[\/vc_column_text][vc_column_text css=\u00a0\u00bb\u00a0\u00bb]<\/p>\n<ul>\n<li>\n<p data-path-to-node=\"8,0,0\"><b data-path-to-node=\"8,0,0\" data-index-in-node=\"0\">Pr\u00e9paration du chantier :<\/b> protection soign\u00e9e de votre int\u00e9rieur et d\u00e9pose des anciens \u00e9quipements (baignoire, lavabo).<\/p>\n<\/li>\n<li>\n<p data-path-to-node=\"8,1,0\"><b data-path-to-node=\"8,1,0\" data-index-in-node=\"0\">Modification de plomberie :<\/b> adaptation des arriv\u00e9es d\u2019eau selon le nouveau plan d\u2019agencement.<\/p>\n<\/li>\n<li>\n<p data-path-to-node=\"8,2,0\"><b data-path-to-node=\"8,2,0\" data-index-in-node=\"0\">\u00c9tanch\u00e9it\u00e9 rigoureuse :<\/b> nous appliquons syst\u00e9matiquement des syst\u00e8mes d&rsquo;\u00e9tanch\u00e9it\u00e9 de grandes marques pour garantir l&rsquo;imperm\u00e9abilit\u00e9.<\/p>\n<\/li>\n<\/ul>\n<p>[\/vc_column_text][\/vc_column][\/vc_row][vc_row][vc_column][vc_column_text css=\u00a0\u00bb\u00a0\u00bb]<\/p>\n<h3 data-path-to-node=\"11\">Cr\u00e9ation de douche \u00e0 l\u2019italienne et remplacement de baignoire<\/h3>\n<p data-path-to-node=\"12\">Tendance incontournable de la salle de bain moderne, la <b>douche \u00e0 l&rsquo;italienne<\/b> demande une technicit\u00e9 parfaite pour \u00e9viter tout d\u00e9g\u00e2t des eaux. Par ailleurs, nos plombiers qualifi\u00e9s r\u00e9alisent le d\u00e9caissement et la pose du receveur \u00e0 carreler ou extra-plat dans les r\u00e8gles de l&rsquo;art.<\/p>\n<p data-path-to-node=\"13\">Nous intervenons \u00e9galement fr\u00e9quemment pour le <b>remplacement de baignoire par une douche<\/b> spacieuse, pour gagner en modernit\u00e9 et en confort d&rsquo;utilisation au quotidien.<\/p>\n<p>[\/vc_column_text][\/vc_column][\/vc_row][vc_row][vc_column][vc_column_text css=\u00a0\u00bb\u00a0\u00bb]<\/p>\n<h3 data-path-to-node=\"14\">Accessibilit\u00e9 PMR : s\u00e9curiser la salle de bain pour les seniors<\/h3>\n<p data-path-to-node=\"15\">STPS est \u00e9galement sp\u00e9cialis\u00e9 dans l&rsquo;adaptation des logements pour le maintien \u00e0 domicile. Enfin, nous r\u00e9alisons des <b>r\u00e9novations de salle de bain PMR<\/b> (Personne \u00e0 Mobilit\u00e9 R\u00e9duite) pour s\u00e9curiser l&rsquo;espace des seniors : remplacement de baignoire par une douche accessible sans ressaut, installation de barres de maintien et de si\u00e8ges de douche ergonomiques, sans n\u00e9gliger l&rsquo;esth\u00e9tique.<\/p>\n<p>[\/vc_column_text][\/vc_column][\/vc_row][vc_row][vc_column][vc_column_text css=\u00a0\u00bb\u00a0\u00bb]Vous avez un projet de r\u00e9novation en copropri\u00e9t\u00e9 ou en maison individuelle ? Faites le choix de la s\u00e9curit\u00e9 technique et de l&rsquo;exp\u00e9rience. <strong><a href=\"https:\/\/stps-plomberie.fr\/index.php\/contact\/\">Contactez STPS<\/a> <\/strong>pour un devis personnalis\u00e9.[\/vc_column_text][\/vc_column][\/vc_row][vc_row][vc_column][vc_column_text css=\u00a0\u00bb\u00a0\u00bb]<strong>Nos r\u00e9alisations :\u00a0<\/strong>[\/vc_column_text]<style type=\"text\/css\" data-type=\"the7_shortcodes-inline-css\">.gallery-carousel-shortcode.gallery-carousel-shortcode-id-cb4c13d3e9aa0db5be2f07b28da61c2f.owl-carousel .owl-nav div {\n  width: 36px;\n  height: 36px;\n  border-radius: 500px;\n}\n.dt-arrow-border-on.gallery-carousel-shortcode.gallery-carousel-shortcode-id-cb4c13d3e9aa0db5be2f07b28da61c2f.owl-carousel .owl-nav div:not(:hover):before {\n  border-width: 0px;\n}\n.dt-arrow-hover-border-on.gallery-carousel-shortcode.gallery-carousel-shortcode-id-cb4c13d3e9aa0db5be2f07b28da61c2f.owl-carousel .owl-nav div:hover:after {\n  border-width: 0px;\n}\n.gallery-carousel-shortcode.gallery-carousel-shortcode-id-cb4c13d3e9aa0db5be2f07b28da61c2f.owl-carousel .owl-nav div.owl-prev {\n  top: 50%;\n  transform: translateY(calc(-50% + 0px));\n  left: -43px;\n}\n@media all and (-ms-high-contrast: none) {\n  .gallery-carousel-shortcode.gallery-carousel-shortcode-id-cb4c13d3e9aa0db5be2f07b28da61c2f.owl-carousel .owl-nav div.owl-prev {\n    transform: translateY(-50%);\n    margin-top: 0px;\n  }\n}\n.gallery-carousel-shortcode.gallery-carousel-shortcode-id-cb4c13d3e9aa0db5be2f07b28da61c2f.owl-carousel .owl-nav div.owl-prev i {\n  padding: 0px 0px 0px 0px;\n}\n.gallery-carousel-shortcode.gallery-carousel-shortcode-id-cb4c13d3e9aa0db5be2f07b28da61c2f.owl-carousel .owl-nav div.owl-next {\n  top: 50%;\n  transform: translateY(calc(-50% + 0px));\n  right: -43px;\n}\n@media all and (-ms-high-contrast: none) {\n  .gallery-carousel-shortcode.gallery-carousel-shortcode-id-cb4c13d3e9aa0db5be2f07b28da61c2f.owl-carousel .owl-nav div.owl-next {\n    transform: translateY(-50%);\n    margin-top: 0px;\n  }\n}\n.gallery-carousel-shortcode.gallery-carousel-shortcode-id-cb4c13d3e9aa0db5be2f07b28da61c2f.owl-carousel .owl-nav div.owl-next i {\n  padding: 0px 0px 0px 0px;\n}\n.gallery-carousel-shortcode.gallery-carousel-shortcode-id-cb4c13d3e9aa0db5be2f07b28da61c2f.owl-carousel .owl-nav i {\n  font-size: 18px;\n}\n.gallery-carousel-shortcode.gallery-carousel-shortcode-id-cb4c13d3e9aa0db5be2f07b28da61c2f.owl-carousel .owl-nav div:not(:hover) i,\n.gallery-carousel-shortcode.gallery-carousel-shortcode-id-cb4c13d3e9aa0db5be2f07b28da61c2f.owl-carousel .owl-nav div:not(:hover) i:before {\n  color: #ffffff;\n  background: none;\n}\n.gallery-carousel-shortcode.gallery-carousel-shortcode-id-cb4c13d3e9aa0db5be2f07b28da61c2f.owl-carousel .owl-nav div:hover i,\n.gallery-carousel-shortcode.gallery-carousel-shortcode-id-cb4c13d3e9aa0db5be2f07b28da61c2f.owl-carousel .owl-nav div:hover i:before {\n  color: rgba(255,255,255,0.75);\n  background: none;\n}\n.gallery-carousel-shortcode.gallery-carousel-shortcode-id-cb4c13d3e9aa0db5be2f07b28da61c2f .owl-dots {\n  top: calc(100% + 20px);\n  left: 50%;\n  transform: translateX(calc(-50% + 0px));\n}\n@media all and (-ms-high-contrast: none) {\n  .gallery-carousel-shortcode.gallery-carousel-shortcode-id-cb4c13d3e9aa0db5be2f07b28da61c2f .owl-dots {\n    transform: translateX(-50%);\n    margin-left: 0px;\n  }\n}\n.gallery-carousel-shortcode.gallery-carousel-shortcode-id-cb4c13d3e9aa0db5be2f07b28da61c2f .owl-dot {\n  width: 10px;\n  height: 10px;\n  margin: 0 8px;\n}\n@media screen and (max-width: 778px) {\n  .gallery-carousel-shortcode.gallery-carousel-shortcode-id-cb4c13d3e9aa0db5be2f07b28da61c2f.hide-arrows .owl-nav a {\n    display: none;\n  }\n}\n@media screen and (max-width: 778px) {\n  .gallery-carousel-shortcode.gallery-carousel-shortcode-id-cb4c13d3e9aa0db5be2f07b28da61c2f.reposition-arrows .owl-nav .owl-prev {\n    top: 50%;\n    transform: translateY(calc(-50% + 0px));\n    left: 10px;\n  }\n  .gallery-carousel-shortcode.gallery-carousel-shortcode-id-cb4c13d3e9aa0db5be2f07b28da61c2f.reposition-arrows .owl-nav .owl-next {\n    top: 50%;\n    transform: translateY(calc(-50% + 0px));\n    right: 10px;\n  }\n}\n@media screen and (max-width: 778px) and all and (-ms-high-contrast: none) {\n  .gallery-carousel-shortcode.gallery-carousel-shortcode-id-cb4c13d3e9aa0db5be2f07b28da61c2f.reposition-arrows .owl-nav .owl-prev {\n    transform: translateY(-50%);\n    margin-top: 0px;\n  }\n}\n@media screen and (max-width: 778px) and all and (-ms-high-contrast: none) {\n  .gallery-carousel-shortcode.gallery-carousel-shortcode-id-cb4c13d3e9aa0db5be2f07b28da61c2f.reposition-arrows .owl-nav .owl-next {\n    transform: translateY(-50%);\n    margin-top: 0px;\n  }\n}\n.gallery-carousel-shortcode.gallery-carousel-shortcode-id-cb4c13d3e9aa0db5be2f07b28da61c2f figure,\n.gallery-carousel-shortcode.gallery-carousel-shortcode-id-cb4c13d3e9aa0db5be2f07b28da61c2f .rollover,\n.gallery-carousel-shortcode.gallery-carousel-shortcode-id-cb4c13d3e9aa0db5be2f07b28da61c2f img,\n.gallery-carousel-shortcode.gallery-carousel-shortcode-id-cb4c13d3e9aa0db5be2f07b28da61c2f .gallery-rollover {\n  border-radius: 0px;\n}\n.gallery-carousel-shortcode.gallery-carousel-shortcode-id-cb4c13d3e9aa0db5be2f07b28da61c2f.enable-bg-rollover .gallery-rollover {\n  background: -webkit-linear-gradient();\n  background: linear-gradient();\n}\n.gallery-carousel-shortcode.gallery-carousel-shortcode-id-cb4c13d3e9aa0db5be2f07b28da61c2f.enable-img-shadow .owl-stage-outer {\n  padding: 14px 0;\n}\n.gallery-carousel-shortcode.gallery-carousel-shortcode-id-cb4c13d3e9aa0db5be2f07b28da61c2f.enable-bg-rollover.hover-scale figure .rollover:after {\n  background: -webkit-linear-gradient();\n  background: linear-gradient();\n}\n.gallery-carousel-shortcode.gallery-carousel-shortcode-id-cb4c13d3e9aa0db5be2f07b28da61c2f.gallery-shortcode .gallery-zoom-ico {\n  width: 44px;\n  height: 44px;\n  line-height: 44px;\n  border-radius: 100px;\n  margin: -22px 0 0 -22px;\n  border-width: 0px;\n}\n.dt-icon-bg-on.gallery-carousel-shortcode.gallery-carousel-shortcode-id-cb4c13d3e9aa0db5be2f07b28da61c2f.gallery-shortcode .gallery-zoom-ico {\n  background: rgba(255,255,255,0.3);\n  box-shadow: none;\n}\n.gallery-carousel-shortcode.gallery-carousel-shortcode-id-cb4c13d3e9aa0db5be2f07b28da61c2f.gallery-shortcode .gallery-zoom-ico:before,\n.gallery-carousel-shortcode.gallery-carousel-shortcode-id-cb4c13d3e9aa0db5be2f07b28da61c2f.gallery-shortcode .gallery-zoom-ico span {\n  font-size: 32px;\n  line-height: 44px;\n  color: #ffffff;\n  background: none;\n}\n<\/style><div class=\"owl-carousel gallery-carousel-shortcode gallery-shortcode  dt-gallery-container dt-owl-carousel-call gallery-carousel-shortcode-id-cb4c13d3e9aa0db5be2f07b28da61c2f quick-scale-img enable-bg-rollover meta-info-off dt-arrow-border-on dt-arrow-hover-border-on bullets-small-dot-stroke reposition-arrows dt-icon-bg-off arrows-bg-on disable-arrows-hover-bg arrows-hover-bg-on  hover-fade \" data-scroll-mode=\"1\" data-col-num=\"6\" data-wide-col-num=\"6\" data-laptop-col=\"5\" data-h-tablet-columns-num=\"4\" data-v-tablet-columns-num=\"3\" data-phone-columns-num=\"1\" data-col-gap=\"10\" data-stage-padding=\"0\" data-speed=\"600\" data-autoplay=\"false\" data-autoplay_speed=\"6000\" data-arrows=\"true\" data-bullet=\"false\" data-next-icon=\"icon-ar-017-r\" data-prev-icon=\"icon-ar-017-l\" data-img-shadow-size=\"12px\" data-img-shadow-spread=\"3px\"><div data-post-id=\"185\" data-date=\"2025-12-01T18:21:25+01:00\" data-name=\"R\u00e9novation SDB\"><figure class=\"post\"><a href=\"http:\/\/stps-plomberie.fr\/wp-content\/uploads\/2025\/12\/CULL-4-1.jpg\" class=\"rollover dt-pswp-item layzr-bg\" data-large_image_width=\"1920\" data-large_image_height=\"1920\" data-dt-img-description=\"\" title=\"R\u00e9novation SDB\"><img fetchpriority=\"high\" decoding=\"async\" class=\"preload-me owl-lazy-load aspect\" src=\"data:image\/svg+xml,%3Csvg%20xmlns%3D&#39;http%3A%2F%2Fwww.w3.org%2F2000%2Fsvg&#39;%20viewBox%3D&#39;0%200%201920%201920&#39;%2F%3E\" data-src=\"http:\/\/stps-plomberie.fr\/wp-content\/uploads\/2025\/12\/CULL-4-1.jpg\" data-srcset=\"http:\/\/stps-plomberie.fr\/wp-content\/uploads\/2025\/12\/CULL-4-1.jpg 1920w\" loading=\"eager\" style=\"--ratio: 1920 \/ 1920\" sizes=\"(max-width: 1920px) 100vw, 1920px\" alt=\"\" width=\"1920\" height=\"1920\"  \/><span class=\"gallery-rollover\"><span class=\"gallery-zoom-ico icomoon-the7-font-the7-zoom-06\"><span><\/span><\/span><\/span><\/a><\/figure><\/div><div data-post-id=\"186\" data-date=\"2025-12-01T18:21:26+01:00\" data-name=\"R\u00e9novation SDB\"><figure class=\"post\"><a href=\"http:\/\/stps-plomberie.fr\/wp-content\/uploads\/2025\/12\/image-1-1.jpg\" class=\"rollover dt-pswp-item layzr-bg\" data-large_image_width=\"1920\" data-large_image_height=\"1920\" data-dt-img-description=\"\" title=\"R\u00e9novation SDB\"><img decoding=\"async\" class=\"preload-me owl-lazy-load aspect\" src=\"data:image\/svg+xml,%3Csvg%20xmlns%3D&#39;http%3A%2F%2Fwww.w3.org%2F2000%2Fsvg&#39;%20viewBox%3D&#39;0%200%201920%201920&#39;%2F%3E\" data-src=\"http:\/\/stps-plomberie.fr\/wp-content\/uploads\/2025\/12\/image-1-1.jpg\" data-srcset=\"http:\/\/stps-plomberie.fr\/wp-content\/uploads\/2025\/12\/image-1-1.jpg 1920w\" loading=\"eager\" style=\"--ratio: 1920 \/ 1920\" sizes=\"(max-width: 1920px) 100vw, 1920px\" alt=\"\" width=\"1920\" height=\"1920\"  \/><span class=\"gallery-rollover\"><span class=\"gallery-zoom-ico icomoon-the7-font-the7-zoom-06\"><span><\/span><\/span><\/span><\/a><\/figure><\/div><div data-post-id=\"187\" data-date=\"2025-12-01T18:21:27+01:00\" data-name=\"R\u00e9novation SDB\"><figure class=\"post\"><a href=\"http:\/\/stps-plomberie.fr\/wp-content\/uploads\/2025\/12\/PHOTO-2025-11-27-19-35-58-1.jpg\" class=\"rollover dt-pswp-item layzr-bg\" data-large_image_width=\"1536\" data-large_image_height=\"2048\" data-dt-img-description=\"\" title=\"R\u00e9novation SDB\"><img decoding=\"async\" class=\"preload-me owl-lazy-load aspect\" src=\"data:image\/svg+xml,%3Csvg%20xmlns%3D&#39;http%3A%2F%2Fwww.w3.org%2F2000%2Fsvg&#39;%20viewBox%3D&#39;0%200%201536%201536&#39;%2F%3E\" data-src=\"http:\/\/stps-plomberie.fr\/wp-content\/uploads\/2025\/12\/PHOTO-2025-11-27-19-35-58-1-1536x1536.jpg\" data-srcset=\"http:\/\/stps-plomberie.fr\/wp-content\/uploads\/2025\/12\/PHOTO-2025-11-27-19-35-58-1-1536x1536.jpg 1536w\" loading=\"eager\" style=\"--ratio: 1536 \/ 1536\" sizes=\"(max-width: 1536px) 100vw, 1536px\" alt=\"\" width=\"1536\" height=\"1536\"  \/><span class=\"gallery-rollover\"><span class=\"gallery-zoom-ico icomoon-the7-font-the7-zoom-06\"><span><\/span><\/span><\/span><\/a><\/figure><\/div><div data-post-id=\"188\" data-date=\"2025-12-01T18:21:28+01:00\" data-name=\"R\u00e9novation SDB\"><figure class=\"post\"><a href=\"http:\/\/stps-plomberie.fr\/wp-content\/uploads\/2025\/12\/SDB-Cerisaie-1.jpg\" class=\"rollover dt-pswp-item layzr-bg\" data-large_image_width=\"1441\" data-large_image_height=\"1920\" data-dt-img-description=\"\" title=\"R\u00e9novation SDB\"><img decoding=\"async\" class=\"preload-me owl-lazy-load aspect\" src=\"data:image\/svg+xml,%3Csvg%20xmlns%3D&#39;http%3A%2F%2Fwww.w3.org%2F2000%2Fsvg&#39;%20viewBox%3D&#39;0%200%201441%201441&#39;%2F%3E\" data-src=\"http:\/\/stps-plomberie.fr\/wp-content\/uploads\/2025\/12\/SDB-Cerisaie-1-1441x1441.jpg\" data-srcset=\"http:\/\/stps-plomberie.fr\/wp-content\/uploads\/2025\/12\/SDB-Cerisaie-1-1441x1441.jpg 1441w\" loading=\"eager\" style=\"--ratio: 1441 \/ 1441\" sizes=\"(max-width: 1441px) 100vw, 1441px\" alt=\"\" width=\"1441\" height=\"1441\"  \/><span class=\"gallery-rollover\"><span class=\"gallery-zoom-ico icomoon-the7-font-the7-zoom-06\"><span><\/span><\/span><\/span><\/a><\/figure><\/div><div data-post-id=\"189\" data-date=\"2025-12-01T18:21:30+01:00\" data-name=\"R\u00e9novation SDB\"><figure class=\"post\"><a href=\"http:\/\/stps-plomberie.fr\/wp-content\/uploads\/2025\/12\/SDB-DIANA-1-scaled.jpg\" class=\"rollover dt-pswp-item layzr-bg\" data-large_image_width=\"1920\" data-large_image_height=\"2560\" data-dt-img-description=\"\" title=\"R\u00e9novation SDB\"><img decoding=\"async\" class=\"preload-me owl-lazy-load aspect\" src=\"data:image\/svg+xml,%3Csvg%20xmlns%3D&#39;http%3A%2F%2Fwww.w3.org%2F2000%2Fsvg&#39;%20viewBox%3D&#39;0%200%201920%201920&#39;%2F%3E\" data-src=\"http:\/\/stps-plomberie.fr\/wp-content\/uploads\/2025\/12\/SDB-DIANA-1-scaled-1920x1920.jpg\" data-srcset=\"http:\/\/stps-plomberie.fr\/wp-content\/uploads\/2025\/12\/SDB-DIANA-1-scaled-1920x1920.jpg 1920w\" loading=\"eager\" style=\"--ratio: 1920 \/ 1920\" sizes=\"(max-width: 1920px) 100vw, 1920px\" alt=\"\" width=\"1920\" height=\"1920\"  \/><span class=\"gallery-rollover\"><span class=\"gallery-zoom-ico icomoon-the7-font-the7-zoom-06\"><span><\/span><\/span><\/span><\/a><\/figure><\/div><div data-post-id=\"190\" data-date=\"2025-12-01T18:21:32+01:00\" data-name=\"R\u00e9novation WC\"><figure class=\"post\"><a href=\"http:\/\/stps-plomberie.fr\/wp-content\/uploads\/2025\/12\/WC-Japonai-1.jpg\" class=\"rollover dt-pswp-item layzr-bg\" data-large_image_width=\"1440\" data-large_image_height=\"1920\" data-dt-img-description=\"\" title=\"R\u00e9novation WC\"><img decoding=\"async\" class=\"preload-me owl-lazy-load aspect\" src=\"data:image\/svg+xml,%3Csvg%20xmlns%3D&#39;http%3A%2F%2Fwww.w3.org%2F2000%2Fsvg&#39;%20viewBox%3D&#39;0%200%201440%201440&#39;%2F%3E\" data-src=\"http:\/\/stps-plomberie.fr\/wp-content\/uploads\/2025\/12\/WC-Japonai-1-1440x1440.jpg\" data-srcset=\"http:\/\/stps-plomberie.fr\/wp-content\/uploads\/2025\/12\/WC-Japonai-1-1440x1440.jpg 1440w\" loading=\"eager\" style=\"--ratio: 1440 \/ 1440\" sizes=\"(max-width: 1440px) 100vw, 1440px\" alt=\"\" width=\"1440\" height=\"1440\"  \/><span class=\"gallery-rollover\"><span class=\"gallery-zoom-ico icomoon-the7-font-the7-zoom-06\"><span><\/span><\/span><\/span><\/a><\/figure><\/div><\/div>[\/vc_column][\/vc_row][vc_row][vc_column][\/vc_column][\/vc_row]<\/p>\n<\/div>","protected":false},"excerpt":{"rendered":"<p>[vc_row][vc_column][vc_column_text css=\u00a0\u00bb\u00a0\u00bb] R\u00e9novation de salle de bain : l\u2019exigence d\u2019un plombier expert depuis 50 ans Vous envisagez une r\u00e9novation de salle de bain \u00e0 Cannes ? En effet, la salle de bain est la pi\u00e8ce la plus technique de votre logement. Au-del\u00e0 de l\u2019esth\u00e9tique, sa transformation ne supporte pas l\u2019improvisation. Par cons\u00e9quent, une fuite cach\u00e9e&hellip;<\/p>\n","protected":false},"author":1,"featured_media":0,"parent":0,"menu_order":0,"comment_status":"closed","ping_status":"closed","template":"","meta":{"footnotes":""},"class_list":["post-31","page","type-page","status-publish","hentry","description-off"],"yoast_head":"<!-- This site is optimized with the Yoast SEO plugin v24.9 - https:\/\/yoast.com\/wordpress\/plugins\/seo\/ -->\n<title>R\u00e9novation Salle de Bain \u00e0 Cannes - STPS Plomberie<\/title>\n<meta name=\"description\" content=\"R\u00e9novation de salle de bain par STPS Plomberie. Pose de sanitaires, douches et baignoires. Travail de qualit\u00e9 &amp; devis gratuit !\" \/>\n<meta name=\"robots\" content=\"index, follow, max-snippet:-1, max-image-preview:large, max-video-preview:-1\" \/>\n<link rel=\"canonical\" href=\"http:\/\/stps-plomberie.fr\/index.php\/renovation-salle-de-bain\/\" \/>\n<meta property=\"og:locale\" content=\"fr_FR\" \/>\n<meta property=\"og:type\" content=\"article\" \/>\n<meta property=\"og:title\" content=\"R\u00e9novation Salle de Bain \u00e0 Cannes - STPS Plomberie\" \/>\n<meta property=\"og:description\" content=\"R\u00e9novation de salle de bain par STPS Plomberie. Pose de sanitaires, douches et baignoires. Travail de qualit\u00e9 &amp; devis gratuit !\" \/>\n<meta property=\"og:url\" content=\"http:\/\/stps-plomberie.fr\/index.php\/renovation-salle-de-bain\/\" \/>\n<meta property=\"og:site_name\" content=\"STPS\" \/>\n<meta property=\"article:modified_time\" content=\"2025-12-28T21:16:15+00:00\" \/>\n<meta name=\"twitter:card\" content=\"summary_large_image\" \/>\n<meta name=\"twitter:label1\" content=\"Dur\u00e9e de lecture estim\u00e9e\" \/>\n\t<meta name=\"twitter:data1\" content=\"4 minutes\" \/>\n<script type=\"application\/ld+json\" class=\"yoast-schema-graph\">{\"@context\":\"https:\/\/schema.org\",\"@graph\":[{\"@type\":\"WebPage\",\"@id\":\"http:\/\/stps-plomberie.fr\/index.php\/renovation-salle-de-bain\/\",\"url\":\"http:\/\/stps-plomberie.fr\/index.php\/renovation-salle-de-bain\/\",\"name\":\"R\u00e9novation Salle de Bain \u00e0 Cannes - STPS Plomberie\",\"isPartOf\":{\"@id\":\"http:\/\/stps-plomberie.fr\/#website\"},\"datePublished\":\"2018-12-14T10:02:48+00:00\",\"dateModified\":\"2025-12-28T21:16:15+00:00\",\"description\":\"R\u00e9novation de salle de bain par STPS Plomberie. Pose de sanitaires, douches et baignoires. Travail de qualit\u00e9 & devis gratuit !\",\"breadcrumb\":{\"@id\":\"http:\/\/stps-plomberie.fr\/index.php\/renovation-salle-de-bain\/#breadcrumb\"},\"inLanguage\":\"fr-FR\",\"potentialAction\":[{\"@type\":\"ReadAction\",\"target\":[\"http:\/\/stps-plomberie.fr\/index.php\/renovation-salle-de-bain\/\"]}]},{\"@type\":\"BreadcrumbList\",\"@id\":\"http:\/\/stps-plomberie.fr\/index.php\/renovation-salle-de-bain\/#breadcrumb\",\"itemListElement\":[{\"@type\":\"ListItem\",\"position\":1,\"name\":\"Accueil\",\"item\":\"http:\/\/stps-plomberie.fr\/\"},{\"@type\":\"ListItem\",\"position\":2,\"name\":\"SALLE DE BAIN\"}]},{\"@type\":\"WebSite\",\"@id\":\"http:\/\/stps-plomberie.fr\/#website\",\"url\":\"http:\/\/stps-plomberie.fr\/\",\"name\":\"STPS PLOMBERIE\",\"description\":\"Plomberie Chauffage VMC Contrat d&#039;Entretien Ma\u00e7onnerie Carrelage R\u00e9novation \u00c9tanch\u00e9it\u00e9\",\"publisher\":{\"@id\":\"http:\/\/stps-plomberie.fr\/#organization\"},\"potentialAction\":[{\"@type\":\"SearchAction\",\"target\":{\"@type\":\"EntryPoint\",\"urlTemplate\":\"http:\/\/stps-plomberie.fr\/?s={search_term_string}\"},\"query-input\":{\"@type\":\"PropertyValueSpecification\",\"valueRequired\":true,\"valueName\":\"search_term_string\"}}],\"inLanguage\":\"fr-FR\"},{\"@type\":\"Organization\",\"@id\":\"http:\/\/stps-plomberie.fr\/#organization\",\"name\":\"STPS PLOMBERIE\",\"url\":\"http:\/\/stps-plomberie.fr\/\",\"logo\":{\"@type\":\"ImageObject\",\"inLanguage\":\"fr-FR\",\"@id\":\"http:\/\/stps-plomberie.fr\/#\/schema\/logo\/image\/\",\"url\":\"https:\/\/stps-plomberie.fr\/wp-content\/uploads\/2018\/12\/STPS-Logo_250px.png\",\"contentUrl\":\"https:\/\/stps-plomberie.fr\/wp-content\/uploads\/2018\/12\/STPS-Logo_250px.png\",\"width\":250,\"height\":66,\"caption\":\"STPS PLOMBERIE\"},\"image\":{\"@id\":\"http:\/\/stps-plomberie.fr\/#\/schema\/logo\/image\/\"}}]}<\/script>\n<!-- \/ Yoast SEO plugin. -->","yoast_head_json":{"title":"R\u00e9novation Salle de Bain \u00e0 Cannes - STPS Plomberie","description":"R\u00e9novation de salle de bain par STPS Plomberie. Pose de sanitaires, douches et baignoires. Travail de qualit\u00e9 & devis gratuit !","robots":{"index":"index","follow":"follow","max-snippet":"max-snippet:-1","max-image-preview":"max-image-preview:large","max-video-preview":"max-video-preview:-1"},"canonical":"http:\/\/stps-plomberie.fr\/index.php\/renovation-salle-de-bain\/","og_locale":"fr_FR","og_type":"article","og_title":"R\u00e9novation Salle de Bain \u00e0 Cannes - STPS Plomberie","og_description":"R\u00e9novation de salle de bain par STPS Plomberie. Pose de sanitaires, douches et baignoires. Travail de qualit\u00e9 & devis gratuit !","og_url":"http:\/\/stps-plomberie.fr\/index.php\/renovation-salle-de-bain\/","og_site_name":"STPS","article_modified_time":"2025-12-28T21:16:15+00:00","twitter_card":"summary_large_image","twitter_misc":{"Dur\u00e9e de lecture estim\u00e9e":"4 minutes"},"schema":{"@context":"https:\/\/schema.org","@graph":[{"@type":"WebPage","@id":"http:\/\/stps-plomberie.fr\/index.php\/renovation-salle-de-bain\/","url":"http:\/\/stps-plomberie.fr\/index.php\/renovation-salle-de-bain\/","name":"R\u00e9novation Salle de Bain \u00e0 Cannes - STPS Plomberie","isPartOf":{"@id":"http:\/\/stps-plomberie.fr\/#website"},"datePublished":"2018-12-14T10:02:48+00:00","dateModified":"2025-12-28T21:16:15+00:00","description":"R\u00e9novation de salle de bain par STPS Plomberie. Pose de sanitaires, douches et baignoires. Travail de qualit\u00e9 & devis gratuit !","breadcrumb":{"@id":"http:\/\/stps-plomberie.fr\/index.php\/renovation-salle-de-bain\/#breadcrumb"},"inLanguage":"fr-FR","potentialAction":[{"@type":"ReadAction","target":["http:\/\/stps-plomberie.fr\/index.php\/renovation-salle-de-bain\/"]}]},{"@type":"BreadcrumbList","@id":"http:\/\/stps-plomberie.fr\/index.php\/renovation-salle-de-bain\/#breadcrumb","itemListElement":[{"@type":"ListItem","position":1,"name":"Accueil","item":"http:\/\/stps-plomberie.fr\/"},{"@type":"ListItem","position":2,"name":"SALLE DE BAIN"}]},{"@type":"WebSite","@id":"http:\/\/stps-plomberie.fr\/#website","url":"http:\/\/stps-plomberie.fr\/","name":"STPS PLOMBERIE","description":"Plomberie Chauffage VMC Contrat d&#039;Entretien Ma\u00e7onnerie Carrelage R\u00e9novation \u00c9tanch\u00e9it\u00e9","publisher":{"@id":"http:\/\/stps-plomberie.fr\/#organization"},"potentialAction":[{"@type":"SearchAction","target":{"@type":"EntryPoint","urlTemplate":"http:\/\/stps-plomberie.fr\/?s={search_term_string}"},"query-input":{"@type":"PropertyValueSpecification","valueRequired":true,"valueName":"search_term_string"}}],"inLanguage":"fr-FR"},{"@type":"Organization","@id":"http:\/\/stps-plomberie.fr\/#organization","name":"STPS PLOMBERIE","url":"http:\/\/stps-plomberie.fr\/","logo":{"@type":"ImageObject","inLanguage":"fr-FR","@id":"http:\/\/stps-plomberie.fr\/#\/schema\/logo\/image\/","url":"https:\/\/stps-plomberie.fr\/wp-content\/uploads\/2018\/12\/STPS-Logo_250px.png","contentUrl":"https:\/\/stps-plomberie.fr\/wp-content\/uploads\/2018\/12\/STPS-Logo_250px.png","width":250,"height":66,"caption":"STPS PLOMBERIE"},"image":{"@id":"http:\/\/stps-plomberie.fr\/#\/schema\/logo\/image\/"}}]}},"_links":{"self":[{"href":"http:\/\/stps-plomberie.fr\/index.php\/wp-json\/wp\/v2\/pages\/31","targetHints":{"allow":["GET"]}}],"collection":[{"href":"http:\/\/stps-plomberie.fr\/index.php\/wp-json\/wp\/v2\/pages"}],"about":[{"href":"http:\/\/stps-plomberie.fr\/index.php\/wp-json\/wp\/v2\/types\/page"}],"author":[{"embeddable":true,"href":"http:\/\/stps-plomberie.fr\/index.php\/wp-json\/wp\/v2\/users\/1"}],"replies":[{"embeddable":true,"href":"http:\/\/stps-plomberie.fr\/index.php\/wp-json\/wp\/v2\/comments?post=31"}],"version-history":[{"count":16,"href":"http:\/\/stps-plomberie.fr\/index.php\/wp-json\/wp\/v2\/pages\/31\/revisions"}],"predecessor-version":[{"id":224,"href":"http:\/\/stps-plomberie.fr\/index.php\/wp-json\/wp\/v2\/pages\/31\/revisions\/224"}],"wp:attachment":[{"href":"http:\/\/stps-plomberie.fr\/index.php\/wp-json\/wp\/v2\/media?parent=31"}],"curies":[{"name":"wp","href":"https:\/\/api.w.org\/{rel}","templated":true}]}}