{"id":201,"date":"2025-12-28T21:11:17","date_gmt":"2025-12-28T20:11:17","guid":{"rendered":"https:\/\/stps-plomberie.fr\/?page_id=201"},"modified":"2025-12-29T00:01:58","modified_gmt":"2025-12-28T23:01:58","slug":"renovation-chaufferie-copropriete","status":"publish","type":"page","link":"http:\/\/stps-plomberie.fr\/index.php\/renovation-chaufferie-copropriete\/","title":{"rendered":"CHAUFFERIE"},"content":{"rendered":"<div class=\"wpb-content-wrapper\"><p>[vc_row][vc_column][vc_column_text css=\u00a0\u00bb\u00a0\u00bb]<\/p>\n<h3 data-path-to-node=\"6\">R\u00e9novation de chaufferie : l\u2019expertise STPS au service des syndics<\/h3>\n<p data-path-to-node=\"3\">Pour une copropri\u00e9t\u00e9, une <b data-path-to-node=\"3\" data-index-in-node=\"26\">r\u00e9novation de chaufferie<\/b> performante est un investissement strat\u00e9gique pour la valorisation du patrimoine. En effet, la chaufferie est le c\u0153ur \u00e9nerg\u00e9tique d&rsquo;un immeuble et sa modernisation est un enjeu majeur pour le confort thermique des r\u00e9sidents. Par cons\u00e9quent, confier ces travaux de r\u00e9novation \u00e0 un plombier sp\u00e9cialis\u00e9 en r\u00e9seaux collectifs est la meilleure garantie pour \u00e9viter les pannes hivernales co\u00fbteuses.<\/p>\n<p data-path-to-node=\"4\">Depuis 50 ans, STPS accompagne les syndics de copropri\u00e9t\u00e9 \u00e0 Cannes dans la gestion technique et la maintenance de leurs b\u00e2timents. De plus, nous comprenons parfaitement les contraintes li\u00e9es aux d\u00e9cisions d&rsquo;assembl\u00e9es g\u00e9n\u00e9rales ainsi qu&rsquo;aux exigences strictes de s\u00e9curit\u00e9 incendie.<\/p>\n<h3 data-path-to-node=\"9\">Modernisation et r\u00e9novation de chaufferie aux normes<\/h3>\n<p data-path-to-node=\"6\">La <b data-path-to-node=\"6\" data-index-in-node=\"3\">r\u00e9novation de chaufferie<\/b> ne s&rsquo;improvise pas car elle n\u00e9cessite une parfaite ma\u00eetrise des flux hydrauliques. C\u2019est pourquoi nous prenons en charge l&rsquo;int\u00e9gralit\u00e9 du chantier, de l&rsquo;\u00e9tude thermique initiale jusqu&rsquo;\u00e0 la mise en service finale :<\/p>\n<ul data-path-to-node=\"7\">\n<li>\n<p data-path-to-node=\"7,0,0\"><b data-path-to-node=\"7,0,0\" data-index-in-node=\"0\">Audit technique :<\/b> analyse approfondie de l&rsquo;existant et pr\u00e9conisations selon les derni\u00e8res normes de s\u00e9curit\u00e9.<\/p>\n<\/li>\n<li>\n<p data-path-to-node=\"7,1,0\"><b data-path-to-node=\"7,1,0\" data-index-in-node=\"0\">Remplacement d&rsquo;\u00e9quipements :<\/b> installation de chaudi\u00e8res haute performance de marques reconnues.<\/p>\n<\/li>\n<li>\n<p data-path-to-node=\"7,2,0\"><b data-path-to-node=\"7,2,0\" data-index-in-node=\"0\">Optimisation des r\u00e9seaux :<\/b> remplacement des collecteurs, des pompes de circulation et isolation thermique des tuyauteries.<\/p>\n<\/li>\n<li>\n<p data-path-to-node=\"7,3,0\"><b data-path-to-node=\"7,3,0\" data-index-in-node=\"0\">Mise en conformit\u00e9 :<\/b> respect strict des r\u00e9glementations en vigueur pour les ERP et les habitations collectives.<\/p>\n<\/li>\n<\/ul>\n<h3 data-path-to-node=\"12\">\u00c9conomies d&rsquo;\u00e9nergie via la r\u00e9novation de chaufferie<\/h3>\n<p data-path-to-node=\"13\">Par ailleurs, une <b data-path-to-node=\"9\" data-index-in-node=\"18\">r\u00e9novation de chaufferie<\/b> bien con\u00e7ue permet de r\u00e9duire consid\u00e9rablement les charges de chauffage globales des copropri\u00e9taires. Ainsi, en installant des syst\u00e8mes de r\u00e9gulation intelligents et des vannes d&rsquo;\u00e9quilibrage, vous offrez une gestion beaucoup plus fine de la consommation thermique du b\u00e2timent.<\/p>\n<h3 data-path-to-node=\"14\">Pourquoi choisir STPS pour votre syndic ?<\/h3>\n<p data-path-to-node=\"15\">Enfin, notre r\u00e9putation aupr\u00e8s des gestionnaires immobiliers cannois repose sur notre r\u00e9activit\u00e9 exemplaire et notre transparence technique. Nous fournissons des devis d\u00e9taill\u00e9s et nous nous engageons sur des d\u00e9lais d&rsquo;intervention rigoureux pour minimiser l&rsquo;impact sur le quotidien des r\u00e9sidents. Notre expertise de 50 ans garantit la p\u00e9rennit\u00e9 et la s\u00e9curit\u00e9 de vos installations collectives \u00e0 Cannes.<\/p>\n<p data-path-to-node=\"16\">Vous avez un projet de r\u00e9novation ou de mise en conformit\u00e9 ? <strong><a href=\"https:\/\/stps-plomberie.fr\/index.php\/contact\/\">Contactez notre \u00e9quipe d\u00e9di\u00e9e<\/a><\/strong> pour une \u00e9tude personnalis\u00e9e de votre chaufferie.<\/p>\n<p>[\/vc_column_text]<style type=\"text\/css\" data-type=\"the7_shortcodes-inline-css\">.shortcode-single-image-wrap.shortcode-single-image-892684beaa2e870fb7b694ceaa316935.enable-bg-rollover .rollover i,\n.shortcode-single-image-wrap.shortcode-single-image-892684beaa2e870fb7b694ceaa316935.enable-bg-rollover .rollover-video i {\n  background: -webkit-linear-gradient();\n  background: linear-gradient();\n}\n.shortcode-single-image-wrap.shortcode-single-image-892684beaa2e870fb7b694ceaa316935 .rollover-icon {\n  font-size: 32px;\n  color: #ffffff;\n  min-width: 44px;\n  min-height: 44px;\n  line-height: 44px;\n  border-radius: 100px;\n  border-style: solid;\n  border-width: 0px;\n}\n.dt-icon-bg-on.shortcode-single-image-wrap.shortcode-single-image-892684beaa2e870fb7b694ceaa316935 .rollover-icon {\n  background: rgba(255,255,255,0.3);\n  box-shadow: none;\n}\n<\/style><div class=\"shortcode-single-image-wrap shortcode-single-image-892684beaa2e870fb7b694ceaa316935 alignnone  enable-bg-rollover dt-icon-bg-off\" style=\"margin-top:0px; margin-bottom:0px; margin-left:0px; margin-right:0px; width:500px;\"><div class=\"shortcode-single-image\"><div class=\"fancy-media-wrap  layzr-bg\" style=\"\"><img fetchpriority=\"high\" decoding=\"async\" class=\"preload-me lazy-load aspect\" src=\"data:image\/svg+xml,%3Csvg%20xmlns%3D&#39;http%3A%2F%2Fwww.w3.org%2F2000%2Fsvg&#39;%20viewBox%3D&#39;0%200%20500%20288&#39;%2F%3E\" data-src=\"http:\/\/stps-plomberie.fr\/wp-content\/uploads\/2025\/12\/renovation_chaufferie-scaled-500x288.png\" data-srcset=\"http:\/\/stps-plomberie.fr\/wp-content\/uploads\/2025\/12\/renovation_chaufferie-scaled-500x288.png 500w, http:\/\/stps-plomberie.fr\/wp-content\/uploads\/2025\/12\/renovation_chaufferie-scaled-1000x576.png 1000w\" loading=\"eager\" sizes=\"(max-width: 500px) 100vw, 500px\" width=\"500\" height=\"288\"  data-dt-location=\"http:\/\/stps-plomberie.fr\/index.php\/renovation-chaufferie-copropriete\/renovation_chaufferie\/\" style=\"--ratio: 500 \/ 288;\" alt=\"r\u00e9novation chaufferie\" \/><\/div><\/div><\/div>[\/vc_column][\/vc_row]<\/p>\n<\/div>","protected":false},"excerpt":{"rendered":"<p>[vc_row][vc_column][vc_column_text css=\u00a0\u00bb\u00a0\u00bb] R\u00e9novation de chaufferie : l\u2019expertise STPS au service des syndics Pour une copropri\u00e9t\u00e9, une r\u00e9novation de chaufferie performante est un investissement strat\u00e9gique pour la valorisation du patrimoine. En effet, la chaufferie est le c\u0153ur \u00e9nerg\u00e9tique d&rsquo;un immeuble et sa modernisation est un enjeu majeur pour le confort thermique des r\u00e9sidents. Par cons\u00e9quent, confier&hellip;<\/p>\n","protected":false},"author":4,"featured_media":0,"parent":0,"menu_order":0,"comment_status":"closed","ping_status":"closed","template":"","meta":{"footnotes":""},"class_list":["post-201","page","type-page","status-publish","hentry","description-off"],"yoast_head":"<!-- This site is optimized with the Yoast SEO plugin v24.9 - https:\/\/yoast.com\/wordpress\/plugins\/seo\/ -->\n<title>R\u00e9novation de Chaufferie pour Copropri\u00e9t\u00e9 \u00e0 Cannes - STPS<\/title>\n<meta name=\"description\" content=\"R\u00e9novation de chaufferie \u00e0 Cannes : STPS accompagne les syndics pour la mise aux normes et des \u00e9conomies d\u2019\u00e9nergie. Devis gratuit !\" \/>\n<meta name=\"robots\" content=\"index, follow, max-snippet:-1, max-image-preview:large, max-video-preview:-1\" \/>\n<link rel=\"canonical\" href=\"http:\/\/stps-plomberie.fr\/index.php\/renovation-chaufferie-copropriete\/\" \/>\n<meta property=\"og:locale\" content=\"fr_FR\" \/>\n<meta property=\"og:type\" content=\"article\" \/>\n<meta property=\"og:title\" content=\"R\u00e9novation de Chaufferie pour Copropri\u00e9t\u00e9 \u00e0 Cannes - STPS\" \/>\n<meta property=\"og:description\" content=\"R\u00e9novation de chaufferie \u00e0 Cannes : STPS accompagne les syndics pour la mise aux normes et des \u00e9conomies d\u2019\u00e9nergie. Devis gratuit !\" \/>\n<meta property=\"og:url\" content=\"http:\/\/stps-plomberie.fr\/index.php\/renovation-chaufferie-copropriete\/\" \/>\n<meta property=\"og:site_name\" content=\"STPS\" \/>\n<meta property=\"article:modified_time\" content=\"2025-12-28T23:01:58+00:00\" \/>\n<meta name=\"twitter:card\" content=\"summary_large_image\" \/>\n<meta name=\"twitter:label1\" content=\"Dur\u00e9e de lecture estim\u00e9e\" \/>\n\t<meta name=\"twitter:data1\" content=\"2 minutes\" \/>\n<script type=\"application\/ld+json\" class=\"yoast-schema-graph\">{\"@context\":\"https:\/\/schema.org\",\"@graph\":[{\"@type\":\"WebPage\",\"@id\":\"http:\/\/stps-plomberie.fr\/index.php\/renovation-chaufferie-copropriete\/\",\"url\":\"http:\/\/stps-plomberie.fr\/index.php\/renovation-chaufferie-copropriete\/\",\"name\":\"R\u00e9novation de Chaufferie pour Copropri\u00e9t\u00e9 \u00e0 Cannes - STPS\",\"isPartOf\":{\"@id\":\"http:\/\/stps-plomberie.fr\/#website\"},\"datePublished\":\"2025-12-28T20:11:17+00:00\",\"dateModified\":\"2025-12-28T23:01:58+00:00\",\"description\":\"R\u00e9novation de chaufferie \u00e0 Cannes : STPS accompagne les syndics pour la mise aux normes et des \u00e9conomies d\u2019\u00e9nergie. Devis gratuit !\",\"breadcrumb\":{\"@id\":\"http:\/\/stps-plomberie.fr\/index.php\/renovation-chaufferie-copropriete\/#breadcrumb\"},\"inLanguage\":\"fr-FR\",\"potentialAction\":[{\"@type\":\"ReadAction\",\"target\":[\"http:\/\/stps-plomberie.fr\/index.php\/renovation-chaufferie-copropriete\/\"]}]},{\"@type\":\"BreadcrumbList\",\"@id\":\"http:\/\/stps-plomberie.fr\/index.php\/renovation-chaufferie-copropriete\/#breadcrumb\",\"itemListElement\":[{\"@type\":\"ListItem\",\"position\":1,\"name\":\"Accueil\",\"item\":\"http:\/\/stps-plomberie.fr\/\"},{\"@type\":\"ListItem\",\"position\":2,\"name\":\"CHAUFFERIE\"}]},{\"@type\":\"WebSite\",\"@id\":\"http:\/\/stps-plomberie.fr\/#website\",\"url\":\"http:\/\/stps-plomberie.fr\/\",\"name\":\"STPS PLOMBERIE\",\"description\":\"Plomberie Chauffage VMC Contrat d&#039;Entretien Ma\u00e7onnerie Carrelage R\u00e9novation \u00c9tanch\u00e9it\u00e9\",\"publisher\":{\"@id\":\"http:\/\/stps-plomberie.fr\/#organization\"},\"potentialAction\":[{\"@type\":\"SearchAction\",\"target\":{\"@type\":\"EntryPoint\",\"urlTemplate\":\"http:\/\/stps-plomberie.fr\/?s={search_term_string}\"},\"query-input\":{\"@type\":\"PropertyValueSpecification\",\"valueRequired\":true,\"valueName\":\"search_term_string\"}}],\"inLanguage\":\"fr-FR\"},{\"@type\":\"Organization\",\"@id\":\"http:\/\/stps-plomberie.fr\/#organization\",\"name\":\"STPS PLOMBERIE\",\"url\":\"http:\/\/stps-plomberie.fr\/\",\"logo\":{\"@type\":\"ImageObject\",\"inLanguage\":\"fr-FR\",\"@id\":\"http:\/\/stps-plomberie.fr\/#\/schema\/logo\/image\/\",\"url\":\"https:\/\/stps-plomberie.fr\/wp-content\/uploads\/2018\/12\/STPS-Logo_250px.png\",\"contentUrl\":\"https:\/\/stps-plomberie.fr\/wp-content\/uploads\/2018\/12\/STPS-Logo_250px.png\",\"width\":250,\"height\":66,\"caption\":\"STPS PLOMBERIE\"},\"image\":{\"@id\":\"http:\/\/stps-plomberie.fr\/#\/schema\/logo\/image\/\"}}]}<\/script>\n<!-- \/ Yoast SEO plugin. -->","yoast_head_json":{"title":"R\u00e9novation de Chaufferie pour Copropri\u00e9t\u00e9 \u00e0 Cannes - STPS","description":"R\u00e9novation de chaufferie \u00e0 Cannes : STPS accompagne les syndics pour la mise aux normes et des \u00e9conomies d\u2019\u00e9nergie. Devis gratuit !","robots":{"index":"index","follow":"follow","max-snippet":"max-snippet:-1","max-image-preview":"max-image-preview:large","max-video-preview":"max-video-preview:-1"},"canonical":"http:\/\/stps-plomberie.fr\/index.php\/renovation-chaufferie-copropriete\/","og_locale":"fr_FR","og_type":"article","og_title":"R\u00e9novation de Chaufferie pour Copropri\u00e9t\u00e9 \u00e0 Cannes - STPS","og_description":"R\u00e9novation de chaufferie \u00e0 Cannes : STPS accompagne les syndics pour la mise aux normes et des \u00e9conomies d\u2019\u00e9nergie. Devis gratuit !","og_url":"http:\/\/stps-plomberie.fr\/index.php\/renovation-chaufferie-copropriete\/","og_site_name":"STPS","article_modified_time":"2025-12-28T23:01:58+00:00","twitter_card":"summary_large_image","twitter_misc":{"Dur\u00e9e de lecture estim\u00e9e":"2 minutes"},"schema":{"@context":"https:\/\/schema.org","@graph":[{"@type":"WebPage","@id":"http:\/\/stps-plomberie.fr\/index.php\/renovation-chaufferie-copropriete\/","url":"http:\/\/stps-plomberie.fr\/index.php\/renovation-chaufferie-copropriete\/","name":"R\u00e9novation de Chaufferie pour Copropri\u00e9t\u00e9 \u00e0 Cannes - STPS","isPartOf":{"@id":"http:\/\/stps-plomberie.fr\/#website"},"datePublished":"2025-12-28T20:11:17+00:00","dateModified":"2025-12-28T23:01:58+00:00","description":"R\u00e9novation de chaufferie \u00e0 Cannes : STPS accompagne les syndics pour la mise aux normes et des \u00e9conomies d\u2019\u00e9nergie. Devis gratuit !","breadcrumb":{"@id":"http:\/\/stps-plomberie.fr\/index.php\/renovation-chaufferie-copropriete\/#breadcrumb"},"inLanguage":"fr-FR","potentialAction":[{"@type":"ReadAction","target":["http:\/\/stps-plomberie.fr\/index.php\/renovation-chaufferie-copropriete\/"]}]},{"@type":"BreadcrumbList","@id":"http:\/\/stps-plomberie.fr\/index.php\/renovation-chaufferie-copropriete\/#breadcrumb","itemListElement":[{"@type":"ListItem","position":1,"name":"Accueil","item":"http:\/\/stps-plomberie.fr\/"},{"@type":"ListItem","position":2,"name":"CHAUFFERIE"}]},{"@type":"WebSite","@id":"http:\/\/stps-plomberie.fr\/#website","url":"http:\/\/stps-plomberie.fr\/","name":"STPS PLOMBERIE","description":"Plomberie Chauffage VMC Contrat d&#039;Entretien Ma\u00e7onnerie Carrelage R\u00e9novation \u00c9tanch\u00e9it\u00e9","publisher":{"@id":"http:\/\/stps-plomberie.fr\/#organization"},"potentialAction":[{"@type":"SearchAction","target":{"@type":"EntryPoint","urlTemplate":"http:\/\/stps-plomberie.fr\/?s={search_term_string}"},"query-input":{"@type":"PropertyValueSpecification","valueRequired":true,"valueName":"search_term_string"}}],"inLanguage":"fr-FR"},{"@type":"Organization","@id":"http:\/\/stps-plomberie.fr\/#organization","name":"STPS PLOMBERIE","url":"http:\/\/stps-plomberie.fr\/","logo":{"@type":"ImageObject","inLanguage":"fr-FR","@id":"http:\/\/stps-plomberie.fr\/#\/schema\/logo\/image\/","url":"https:\/\/stps-plomberie.fr\/wp-content\/uploads\/2018\/12\/STPS-Logo_250px.png","contentUrl":"https:\/\/stps-plomberie.fr\/wp-content\/uploads\/2018\/12\/STPS-Logo_250px.png","width":250,"height":66,"caption":"STPS PLOMBERIE"},"image":{"@id":"http:\/\/stps-plomberie.fr\/#\/schema\/logo\/image\/"}}]}},"_links":{"self":[{"href":"http:\/\/stps-plomberie.fr\/index.php\/wp-json\/wp\/v2\/pages\/201","targetHints":{"allow":["GET"]}}],"collection":[{"href":"http:\/\/stps-plomberie.fr\/index.php\/wp-json\/wp\/v2\/pages"}],"about":[{"href":"http:\/\/stps-plomberie.fr\/index.php\/wp-json\/wp\/v2\/types\/page"}],"author":[{"embeddable":true,"href":"http:\/\/stps-plomberie.fr\/index.php\/wp-json\/wp\/v2\/users\/4"}],"replies":[{"embeddable":true,"href":"http:\/\/stps-plomberie.fr\/index.php\/wp-json\/wp\/v2\/comments?post=201"}],"version-history":[{"count":12,"href":"http:\/\/stps-plomberie.fr\/index.php\/wp-json\/wp\/v2\/pages\/201\/revisions"}],"predecessor-version":[{"id":238,"href":"http:\/\/stps-plomberie.fr\/index.php\/wp-json\/wp\/v2\/pages\/201\/revisions\/238"}],"wp:attachment":[{"href":"http:\/\/stps-plomberie.fr\/index.php\/wp-json\/wp\/v2\/media?parent=201"}],"curies":[{"name":"wp","href":"https:\/\/api.w.org\/{rel}","templated":true}]}}