{"id":141,"date":"2025-03-28T12:13:52","date_gmt":"2025-03-28T11:13:52","guid":{"rendered":"https:\/\/stps-plomberie.fr\/?page_id=141"},"modified":"2025-03-28T14:43:52","modified_gmt":"2025-03-28T13:43:52","slug":"politique-de-confidentialite","status":"publish","type":"page","link":"http:\/\/stps-plomberie.fr\/index.php\/politique-de-confidentialite\/","title":{"rendered":"POLITIQUE DE CONFIDENTIALIT\u00c9"},"content":{"rendered":"<div class=\"wpb-content-wrapper\"><p>[vc_row content_placement=\u00a0\u00bbtop\u00a0\u00bb][vc_column width=\u00a0\u00bb1\/4&Prime;][vc_single_image image=\u00a0\u00bb152&Prime; img_size=\u00a0\u00bbmedium\u00a0\u00bb alignment=\u00a0\u00bbcenter\u00a0\u00bb css=\u00a0\u00bb\u00a0\u00bb][\/vc_column][vc_column width=\u00a0\u00bb3\/4&Prime;][vc_row_inner][vc_column_inner][vc_column_text css=\u00a0\u00bb\u00a0\u00bb]<\/p>\n<h3>1. Introduction<\/h3>\n<p>[\/vc_column_text][vc_column_text css=\u00a0\u00bb\u00a0\u00bb]La soci\u00e9t\u00e9 <strong>STPS<\/strong> (Soci\u00e9t\u00e9 Technique Provence Sanitaire) attache une grande importance \u00e0 la protection des donn\u00e9es personnelles. La pr\u00e9sente politique de confidentialit\u00e9 a pour objectif de vous informer de mani\u00e8re claire et transparente sur la mani\u00e8re dont vos donn\u00e9es sont collect\u00e9es, utilis\u00e9es et prot\u00e9g\u00e9es lorsque vous visitez notre site <a href=\"https:\/\/www.stps-plomberie.fr\" target=\"_blank\" rel=\"noopener\"><strong>www.stps-plomberie.fr<\/strong><\/a>[\/vc_column_text][\/vc_column_inner][\/vc_row_inner][vc_row_inner][vc_column_inner][vc_column_text css=\u00a0\u00bb\u00a0\u00bb]<\/p>\n<h3>2. Responsable du traitement<\/h3>\n<p>[\/vc_column_text][vc_column_text css=\u00a0\u00bb\u00a0\u00bb]Le responsable du traitement des donn\u00e9es est :<br \/>\n<strong>Mr Vincent MAUNY<\/strong><br \/>\n66, avenue Maurice Chevalier &#8211; 06150 Cannes La Bocca<br \/>\n\ud83d\udce7 <a href=\"mailto:secretariat@stps-plomberie.fr\">secretariat@stps-plomberie.fr<\/a>[\/vc_column_text][\/vc_column_inner][\/vc_row_inner][vc_row_inner][vc_column_inner][vc_column_text css=\u00a0\u00bb\u00a0\u00bb]<\/p>\n<h3>3. Donn\u00e9es collect\u00e9es<\/h3>\n<p>[\/vc_column_text][vc_column_text css=\u00a0\u00bb\u00a0\u00bb]Le site ne collecte vos donn\u00e9es personnelles que par le biais du formulaire de contact, \u00e0 savoir :<\/p>\n<ul>\n<li>Nom<\/li>\n<li>Adresse e-mail<\/li>\n<li>Num\u00e9ro de t\u00e9l\u00e9phone (si renseign\u00e9)<\/li>\n<li>Message<\/li>\n<\/ul>\n<p>Ces donn\u00e9es sont fournies volontairement par l&rsquo;utilisateur dans le seul but d\u2019entrer en contact avec STPS.[\/vc_column_text][\/vc_column_inner][\/vc_row_inner][vc_row_inner][vc_column_inner][vc_column_text css=\u00a0\u00bb\u00a0\u00bb]<\/p>\n<h3>4. Finalit\u00e9 du traitement<\/h3>\n<p>[\/vc_column_text][vc_column_text css=\u00a0\u00bb\u00a0\u00bb]Les donn\u00e9es collect\u00e9es sont utilis\u00e9es uniquement pour :<\/p>\n<ul>\n<li>R\u00e9pondre aux messages re\u00e7us via le formulaire de contact<\/li>\n<li>Assurer un suivi des demandes<\/li>\n<\/ul>\n<p>Aucune donn\u00e9e n\u2019est utilis\u00e9e \u00e0 des fins commerciales, de prospection, ou de communication non sollicit\u00e9e.[\/vc_column_text][\/vc_column_inner][\/vc_row_inner][vc_row_inner][vc_column_inner][vc_column_text css=\u00a0\u00bb\u00a0\u00bb]<\/p>\n<h3>5. Destinataires des donn\u00e9es<\/h3>\n<p>[\/vc_column_text][vc_column_text css=\u00a0\u00bb\u00a0\u00bb]Les donn\u00e9es sont exclusivement destin\u00e9es \u00e0 STPS. Elles ne sont en aucun cas vendues, \u00e9chang\u00e9es ou transmises \u00e0 des tiers sans votre consentement, sauf obligation l\u00e9gale.[\/vc_column_text][\/vc_column_inner][\/vc_row_inner][vc_row_inner][vc_column_inner][vc_column_text css=\u00a0\u00bb\u00a0\u00bb]<\/p>\n<h3>6. Dur\u00e9e de conservation<\/h3>\n<p>[\/vc_column_text][vc_column_text css=\u00a0\u00bb\u00a0\u00bb]Les donn\u00e9es sont conserv\u00e9es le temps n\u00e9cessaire au traitement de la demande, puis supprim\u00e9es dans un d\u00e9lai maximal de 12 mois \u00e0 compter du dernier \u00e9change.[\/vc_column_text][\/vc_column_inner][\/vc_row_inner][vc_row_inner][vc_column_inner][vc_column_text css=\u00a0\u00bb\u00a0\u00bb]<\/p>\n<h3>7. S\u00e9curit\u00e9 des donn\u00e9es<\/h3>\n<p>[\/vc_column_text][vc_column_text css=\u00a0\u00bb\u00a0\u00bb]STPS met en \u0153uvre des mesures techniques et organisationnelles appropri\u00e9es pour prot\u00e9ger vos donn\u00e9es personnelles contre toute perte, acc\u00e8s non autoris\u00e9, divulgation ou alt\u00e9ration.[\/vc_column_text][\/vc_column_inner][\/vc_row_inner][vc_row_inner][vc_column_inner][vc_column_text css=\u00a0\u00bb\u00a0\u00bb]<\/p>\n<h3>8. Vos droits<\/h3>\n<p>[\/vc_column_text][vc_column_text css=\u00a0\u00bb\u00a0\u00bb]Conform\u00e9ment au R\u00e8glement G\u00e9n\u00e9ral sur la Protection des Donn\u00e9es (RGPD), vous disposez des droits suivants :<\/p>\n<ul>\n<li>Droit d\u2019acc\u00e8s \u00e0 vos donn\u00e9es<\/li>\n<li>Droit de rectification<\/li>\n<li>Droit \u00e0 l\u2019effacement (droit \u00e0 l\u2019oubli)<\/li>\n<li>Droit d\u2019opposition<\/li>\n<li>Droit \u00e0 la limitation du traitement<\/li>\n<li>Droit \u00e0 la portabilit\u00e9 de vos donn\u00e9es<\/li>\n<\/ul>\n<p>Pour exercer vos droits, il vous suffit d\u2019envoyer une demande \u00e0 :<br \/>\n\ud83d\udce7 <a href=\"mailto:secretariat@stps-plomberie.fr\">secretariat@stps-plomberie.fr<\/a>[\/vc_column_text][\/vc_column_inner][\/vc_row_inner][vc_row_inner][vc_column_inner][vc_column_text css=\u00a0\u00bb\u00a0\u00bb]<\/p>\n<h3>9. Cookies<\/h3>\n<p>[\/vc_column_text][vc_column_text css=\u00a0\u00bb\u00a0\u00bb]Le site utilise des cookies n\u00e9cessaires \u00e0 son bon fonctionnement ainsi que des cookies de mesure d\u2019audience via le plugin Google Site Kit (Google Analytics).<\/p>\n<p>Ces cookies permettent de recueillir des informations anonymes sur la mani\u00e8re dont les visiteurs utilisent le site (pages visit\u00e9es, dur\u00e9e des visites, provenance g\u00e9ographique approximative, etc.), dans le but d&rsquo;am\u00e9liorer son contenu et sa navigation.<\/p>\n<p>Vous pouvez accepter ou refuser ces cookies \u00e0 tout moment via le bandeau de consentement affich\u00e9 lors de votre premi\u00e8re visite.<\/p>\n<p>Pour en savoir plus sur la gestion des cookies par Google :<br \/>\n\ud83d\udc49 https:\/\/policies.google.com\/technologies\/cookies<\/p>\n<p>Cookies \u2013 Vos choix<br \/>\nLors de votre premi\u00e8re visite sur notre site, un bandeau de consentement s\u2019affiche pour vous permettre d\u2019accepter ou de refuser l\u2019utilisation des cookies non essentiels.<\/p>\n<p>\u00c0 tout moment, vous pouvez :<br \/>\nModifier vos pr\u00e9f\u00e9rences de cookies en cliquant sur le lien pr\u00e9vu \u00e0 cet effet en bas de page,<br \/>\nSupprimer ou bloquer les cookies directement depuis les param\u00e8tres de votre navigateur,<br \/>\nEn savoir plus sur les cookies utilis\u00e9s en consultant notre Politique relative aux cookies.<\/p>\n<p>[\/vc_column_text][\/vc_column_inner][\/vc_row_inner][vc_row_inner][vc_column_inner][vc_column_text css=\u00a0\u00bb\u00a0\u00bb]<\/p>\n<h3>10. Utilisation d\u2019Iubenda<\/h3>\n<p>[\/vc_column_text][vc_column_text css=\u00a0\u00bb\u00a0\u00bb]Le site peut faire usage de Iubenda, un service tiers permettant de g\u00e9n\u00e9rer automatiquement des politiques de confidentialit\u00e9 et de cookies. En cas d\u2019activation, un lien vers la politique Iubenda compl\u00e8te appara\u00eetra sur cette page ou dans le pied de page du site.[\/vc_column_text][\/vc_column_inner][\/vc_row_inner][\/vc_column][\/vc_row]<\/p>\n<\/div>","protected":false},"excerpt":{"rendered":"<p>[vc_row content_placement=\u00a0\u00bbtop\u00a0\u00bb][vc_column width=\u00a0\u00bb1\/4&Prime;][vc_single_image image=\u00a0\u00bb152&Prime; img_size=\u00a0\u00bbmedium\u00a0\u00bb alignment=\u00a0\u00bbcenter\u00a0\u00bb css=\u00a0\u00bb\u00a0\u00bb][\/vc_column][vc_column width=\u00a0\u00bb3\/4&Prime;][vc_row_inner][vc_column_inner][vc_column_text css=\u00a0\u00bb\u00a0\u00bb] 1. Introduction [\/vc_column_text][vc_column_text css=\u00a0\u00bb\u00a0\u00bb]La soci\u00e9t\u00e9 STPS (Soci\u00e9t\u00e9 Technique Provence Sanitaire) attache une grande importance \u00e0 la protection des donn\u00e9es personnelles. La pr\u00e9sente politique de confidentialit\u00e9 a pour objectif de vous informer de mani\u00e8re claire et transparente sur la mani\u00e8re dont vos donn\u00e9es sont collect\u00e9es, utilis\u00e9es et&hellip;<\/p>\n","protected":false},"author":2,"featured_media":0,"parent":0,"menu_order":0,"comment_status":"closed","ping_status":"closed","template":"","meta":{"footnotes":""},"class_list":["post-141","page","type-page","status-publish","hentry","description-off"],"yoast_head":"<!-- This site is optimized with the Yoast SEO plugin v24.9 - https:\/\/yoast.com\/wordpress\/plugins\/seo\/ -->\n<title>POLITIQUE DE CONFIDENTIALIT\u00c9 - STPS<\/title>\n<meta name=\"robots\" content=\"index, follow, max-snippet:-1, max-image-preview:large, max-video-preview:-1\" \/>\n<link rel=\"canonical\" href=\"http:\/\/stps-plomberie.fr\/index.php\/politique-de-confidentialite\/\" \/>\n<meta property=\"og:locale\" content=\"fr_FR\" \/>\n<meta property=\"og:type\" content=\"article\" \/>\n<meta property=\"og:title\" content=\"POLITIQUE DE CONFIDENTIALIT\u00c9 - STPS\" \/>\n<meta property=\"og:description\" content=\"[vc_row content_placement=\u00a0\u00bbtop\u00a0\u00bb][vc_column width=\u00a0\u00bb1\/4&Prime;][vc_single_image image=\u00a0\u00bb152&Prime; img_size=\u00a0\u00bbmedium\u00a0\u00bb alignment=\u00a0\u00bbcenter\u00a0\u00bb css=\u00a0\u00bb\u00a0\u00bb][\/vc_column][vc_column width=\u00a0\u00bb3\/4&Prime;][vc_row_inner][vc_column_inner][vc_column_text css=\u00a0\u00bb\u00a0\u00bb] 1. Introduction [\/vc_column_text][vc_column_text css=\u00a0\u00bb\u00a0\u00bb]La soci\u00e9t\u00e9 STPS (Soci\u00e9t\u00e9 Technique Provence Sanitaire) attache une grande importance \u00e0 la protection des donn\u00e9es personnelles. La pr\u00e9sente politique de confidentialit\u00e9 a pour objectif de vous informer de mani\u00e8re claire et transparente sur la mani\u00e8re dont vos donn\u00e9es sont collect\u00e9es, utilis\u00e9es et&hellip;\" \/>\n<meta property=\"og:url\" content=\"http:\/\/stps-plomberie.fr\/index.php\/politique-de-confidentialite\/\" \/>\n<meta property=\"og:site_name\" content=\"STPS\" \/>\n<meta property=\"article:modified_time\" content=\"2025-03-28T13:43:52+00:00\" \/>\n<meta name=\"twitter:card\" content=\"summary_large_image\" \/>\n<meta name=\"twitter:label1\" content=\"Dur\u00e9e de lecture estim\u00e9e\" \/>\n\t<meta name=\"twitter:data1\" content=\"4 minutes\" \/>\n<script type=\"application\/ld+json\" class=\"yoast-schema-graph\">{\"@context\":\"https:\/\/schema.org\",\"@graph\":[{\"@type\":\"WebPage\",\"@id\":\"http:\/\/stps-plomberie.fr\/index.php\/politique-de-confidentialite\/\",\"url\":\"http:\/\/stps-plomberie.fr\/index.php\/politique-de-confidentialite\/\",\"name\":\"POLITIQUE DE CONFIDENTIALIT\u00c9 - STPS\",\"isPartOf\":{\"@id\":\"http:\/\/stps-plomberie.fr\/#website\"},\"datePublished\":\"2025-03-28T11:13:52+00:00\",\"dateModified\":\"2025-03-28T13:43:52+00:00\",\"breadcrumb\":{\"@id\":\"http:\/\/stps-plomberie.fr\/index.php\/politique-de-confidentialite\/#breadcrumb\"},\"inLanguage\":\"fr-FR\",\"potentialAction\":[{\"@type\":\"ReadAction\",\"target\":[\"http:\/\/stps-plomberie.fr\/index.php\/politique-de-confidentialite\/\"]}]},{\"@type\":\"BreadcrumbList\",\"@id\":\"http:\/\/stps-plomberie.fr\/index.php\/politique-de-confidentialite\/#breadcrumb\",\"itemListElement\":[{\"@type\":\"ListItem\",\"position\":1,\"name\":\"Accueil\",\"item\":\"http:\/\/stps-plomberie.fr\/\"},{\"@type\":\"ListItem\",\"position\":2,\"name\":\"POLITIQUE DE CONFIDENTIALIT\u00c9\"}]},{\"@type\":\"WebSite\",\"@id\":\"http:\/\/stps-plomberie.fr\/#website\",\"url\":\"http:\/\/stps-plomberie.fr\/\",\"name\":\"STPS PLOMBERIE\",\"description\":\"Plomberie Chauffage VMC Contrat d&#039;Entretien Ma\u00e7onnerie Carrelage R\u00e9novation \u00c9tanch\u00e9it\u00e9\",\"publisher\":{\"@id\":\"http:\/\/stps-plomberie.fr\/#organization\"},\"potentialAction\":[{\"@type\":\"SearchAction\",\"target\":{\"@type\":\"EntryPoint\",\"urlTemplate\":\"http:\/\/stps-plomberie.fr\/?s={search_term_string}\"},\"query-input\":{\"@type\":\"PropertyValueSpecification\",\"valueRequired\":true,\"valueName\":\"search_term_string\"}}],\"inLanguage\":\"fr-FR\"},{\"@type\":\"Organization\",\"@id\":\"http:\/\/stps-plomberie.fr\/#organization\",\"name\":\"STPS PLOMBERIE\",\"url\":\"http:\/\/stps-plomberie.fr\/\",\"logo\":{\"@type\":\"ImageObject\",\"inLanguage\":\"fr-FR\",\"@id\":\"http:\/\/stps-plomberie.fr\/#\/schema\/logo\/image\/\",\"url\":\"https:\/\/stps-plomberie.fr\/wp-content\/uploads\/2018\/12\/STPS-Logo_250px.png\",\"contentUrl\":\"https:\/\/stps-plomberie.fr\/wp-content\/uploads\/2018\/12\/STPS-Logo_250px.png\",\"width\":250,\"height\":66,\"caption\":\"STPS PLOMBERIE\"},\"image\":{\"@id\":\"http:\/\/stps-plomberie.fr\/#\/schema\/logo\/image\/\"}}]}<\/script>\n<!-- \/ Yoast SEO plugin. -->","yoast_head_json":{"title":"POLITIQUE DE CONFIDENTIALIT\u00c9 - STPS","robots":{"index":"index","follow":"follow","max-snippet":"max-snippet:-1","max-image-preview":"max-image-preview:large","max-video-preview":"max-video-preview:-1"},"canonical":"http:\/\/stps-plomberie.fr\/index.php\/politique-de-confidentialite\/","og_locale":"fr_FR","og_type":"article","og_title":"POLITIQUE DE CONFIDENTIALIT\u00c9 - STPS","og_description":"[vc_row content_placement=\u00a0\u00bbtop\u00a0\u00bb][vc_column width=\u00a0\u00bb1\/4&Prime;][vc_single_image image=\u00a0\u00bb152&Prime; img_size=\u00a0\u00bbmedium\u00a0\u00bb alignment=\u00a0\u00bbcenter\u00a0\u00bb css=\u00a0\u00bb\u00a0\u00bb][\/vc_column][vc_column width=\u00a0\u00bb3\/4&Prime;][vc_row_inner][vc_column_inner][vc_column_text css=\u00a0\u00bb\u00a0\u00bb] 1. Introduction [\/vc_column_text][vc_column_text css=\u00a0\u00bb\u00a0\u00bb]La soci\u00e9t\u00e9 STPS (Soci\u00e9t\u00e9 Technique Provence Sanitaire) attache une grande importance \u00e0 la protection des donn\u00e9es personnelles. La pr\u00e9sente politique de confidentialit\u00e9 a pour objectif de vous informer de mani\u00e8re claire et transparente sur la mani\u00e8re dont vos donn\u00e9es sont collect\u00e9es, utilis\u00e9es et&hellip;","og_url":"http:\/\/stps-plomberie.fr\/index.php\/politique-de-confidentialite\/","og_site_name":"STPS","article_modified_time":"2025-03-28T13:43:52+00:00","twitter_card":"summary_large_image","twitter_misc":{"Dur\u00e9e de lecture estim\u00e9e":"4 minutes"},"schema":{"@context":"https:\/\/schema.org","@graph":[{"@type":"WebPage","@id":"http:\/\/stps-plomberie.fr\/index.php\/politique-de-confidentialite\/","url":"http:\/\/stps-plomberie.fr\/index.php\/politique-de-confidentialite\/","name":"POLITIQUE DE CONFIDENTIALIT\u00c9 - STPS","isPartOf":{"@id":"http:\/\/stps-plomberie.fr\/#website"},"datePublished":"2025-03-28T11:13:52+00:00","dateModified":"2025-03-28T13:43:52+00:00","breadcrumb":{"@id":"http:\/\/stps-plomberie.fr\/index.php\/politique-de-confidentialite\/#breadcrumb"},"inLanguage":"fr-FR","potentialAction":[{"@type":"ReadAction","target":["http:\/\/stps-plomberie.fr\/index.php\/politique-de-confidentialite\/"]}]},{"@type":"BreadcrumbList","@id":"http:\/\/stps-plomberie.fr\/index.php\/politique-de-confidentialite\/#breadcrumb","itemListElement":[{"@type":"ListItem","position":1,"name":"Accueil","item":"http:\/\/stps-plomberie.fr\/"},{"@type":"ListItem","position":2,"name":"POLITIQUE DE CONFIDENTIALIT\u00c9"}]},{"@type":"WebSite","@id":"http:\/\/stps-plomberie.fr\/#website","url":"http:\/\/stps-plomberie.fr\/","name":"STPS PLOMBERIE","description":"Plomberie Chauffage VMC Contrat d&#039;Entretien Ma\u00e7onnerie Carrelage R\u00e9novation \u00c9tanch\u00e9it\u00e9","publisher":{"@id":"http:\/\/stps-plomberie.fr\/#organization"},"potentialAction":[{"@type":"SearchAction","target":{"@type":"EntryPoint","urlTemplate":"http:\/\/stps-plomberie.fr\/?s={search_term_string}"},"query-input":{"@type":"PropertyValueSpecification","valueRequired":true,"valueName":"search_term_string"}}],"inLanguage":"fr-FR"},{"@type":"Organization","@id":"http:\/\/stps-plomberie.fr\/#organization","name":"STPS PLOMBERIE","url":"http:\/\/stps-plomberie.fr\/","logo":{"@type":"ImageObject","inLanguage":"fr-FR","@id":"http:\/\/stps-plomberie.fr\/#\/schema\/logo\/image\/","url":"https:\/\/stps-plomberie.fr\/wp-content\/uploads\/2018\/12\/STPS-Logo_250px.png","contentUrl":"https:\/\/stps-plomberie.fr\/wp-content\/uploads\/2018\/12\/STPS-Logo_250px.png","width":250,"height":66,"caption":"STPS PLOMBERIE"},"image":{"@id":"http:\/\/stps-plomberie.fr\/#\/schema\/logo\/image\/"}}]}},"_links":{"self":[{"href":"http:\/\/stps-plomberie.fr\/index.php\/wp-json\/wp\/v2\/pages\/141","targetHints":{"allow":["GET"]}}],"collection":[{"href":"http:\/\/stps-plomberie.fr\/index.php\/wp-json\/wp\/v2\/pages"}],"about":[{"href":"http:\/\/stps-plomberie.fr\/index.php\/wp-json\/wp\/v2\/types\/page"}],"author":[{"embeddable":true,"href":"http:\/\/stps-plomberie.fr\/index.php\/wp-json\/wp\/v2\/users\/2"}],"replies":[{"embeddable":true,"href":"http:\/\/stps-plomberie.fr\/index.php\/wp-json\/wp\/v2\/comments?post=141"}],"version-history":[{"count":13,"href":"http:\/\/stps-plomberie.fr\/index.php\/wp-json\/wp\/v2\/pages\/141\/revisions"}],"predecessor-version":[{"id":156,"href":"http:\/\/stps-plomberie.fr\/index.php\/wp-json\/wp\/v2\/pages\/141\/revisions\/156"}],"wp:attachment":[{"href":"http:\/\/stps-plomberie.fr\/index.php\/wp-json\/wp\/v2\/media?parent=141"}],"curies":[{"name":"wp","href":"https:\/\/api.w.org\/{rel}","templated":true}]}}